{"id":4408,"date":"2023-05-23T18:46:12","date_gmt":"2023-05-23T17:46:12","guid":{"rendered":"https:\/\/karinelangevin.com\/?page_id=4408"},"modified":"2026-01-11T19:43:19","modified_gmt":"2026-01-11T18:43:19","slug":"e-shop","status":"publish","type":"page","link":"https:\/\/karinelangevin.com\/?page_id=4408","title":{"rendered":"E-Shop"},"content":{"rendered":"<div class=\"widget widget_google_translate_widget\"><h2 class=\"widgettitle\">Traduire<\/h2><div id=\"google_translate_element\"><\/div><\/div>\n\n\n<p><\/p>\n\n\n\n<p><\/p>\n\n\n\n<p>La Boutique en ligne en direct de l&rsquo;atelier o\u00f9 sont r\u00e9pertori\u00e9es <strong>uniquement les oeuvres disponibles \u00e0 la vente<\/strong>. Vous y trouverez les portraits ainsi que les oeuvres abstraites, tableaux et dessins sur papier.<\/p>\n\n\n\n<p><a href=\"https:\/\/karine-langevin-kjl.sumupstore.com\/\" data-type=\"link\" data-id=\"https:\/\/karine-langevin-kjl.sumupstore.com\/\" target=\"_blank\" rel=\"noreferrer noopener\"><strong> \u00ab\u00a0En Direct de l&rsquo;Atelier\u00a0\u00bb avec SUMUP<\/strong><\/a><\/p>\n\n\n\n<p><strong>Envoi \u00e0 l&rsquo;international par transporteur. Paiement par carte ou par PayPal.<\/strong><\/p>\n\n\n\n<p>ou Remise en main propre \u00e0 l&rsquo;atelier situ\u00e9 \u00e0 Gif-sur-Yvette (au Sud de Paris &#8211; 91).<\/p>\n\n\n\n<p><\/p>\n\n\n\n<p>En arrivant sur le site, il vous suffit de cliquer sur le bouton \u00ab\u00a0<strong>Explorez<\/strong>\u00ab\u00a0. Sur la page suivante, vous pouvez choisir de voir Tout ou une cat\u00e9gorie que vous pr\u00e9f\u00e9rez :<\/p>\n\n\n\n<ul class=\"wp-block-list\">\n<li>Abstract BLACK on paper 65x50cm<\/li>\n\n\n\n<li>Abstract COLORS on paper 65x50cm<\/li>\n\n\n\n<li>Abstract on PAPYRUS 75x50cm<\/li>\n\n\n\n<li>Les \u00ab\u00a0M&rsquo;as-tu vu\u00a0\u00bb on paper 65x50cm<\/li>\n\n\n\n<li>Portraits on paper 65x50cm<\/li>\n\n\n\n<li>Tableaux 100x100cm<\/li>\n\n\n\n<li>Tableaux 30x30cm<\/li>\n\n\n\n<li>Tableaux 40x40cm<\/li>\n\n\n\n<li>Tableaux 50x40cm<\/li>\n\n\n\n<li>Tableaux Format interm\u00e9diaire<\/li>\n\n\n\n<li>Tableaux Format XL<\/li>\n<\/ul>\n\n\n\n<p>Pour voir plus de d\u00e9tails, <strong>toutes mes oeuvres sont en vid\u00e9o sur @YouTube<\/strong> ; les liens sont \u00e9galement visibles sur ce site.<\/p>\n\n\n\n<p>Bonne visite et \u00e0 bient\u00f4t.<\/p>\n\n\n\n<p><\/p>\n\n\n\n<figure class=\"wp-block-gallery has-nested-images columns-default is-cropped wp-block-gallery-1 is-layout-flex wp-block-gallery-is-layout-flex\">\n<figure class=\"wp-block-image size-large\"><a href=\"https:\/\/karine-langevin-kjl.sumupstore.com\/\"><img data-recalc-dims=\"1\" loading=\"lazy\" decoding=\"async\" width=\"712\" height=\"1024\" data-attachment-id=\"4813\" data-permalink=\"https:\/\/karinelangevin.com\/?attachment_id=4813\" data-orig-file=\"https:\/\/i0.wp.com\/karinelangevin.com\/wp-content\/uploads\/2024\/01\/sumup2-1.jpg?fit=1170%2C1682&amp;ssl=1\" data-orig-size=\"1170,1682\" data-comments-opened=\"1\" data-image-meta=\"{&quot;aperture&quot;:&quot;0&quot;,&quot;credit&quot;:&quot;&quot;,&quot;camera&quot;:&quot;&quot;,&quot;caption&quot;:&quot;&quot;,&quot;created_timestamp&quot;:&quot;0&quot;,&quot;copyright&quot;:&quot;&quot;,&quot;focal_length&quot;:&quot;0&quot;,&quot;iso&quot;:&quot;0&quot;,&quot;shutter_speed&quot;:&quot;0&quot;,&quot;title&quot;:&quot;&quot;,&quot;orientation&quot;:&quot;1&quot;}\" data-image-title=\"sumup2-1\" data-image-description=\"\" data-image-caption=\"\" data-large-file=\"https:\/\/i0.wp.com\/karinelangevin.com\/wp-content\/uploads\/2024\/01\/sumup2-1.jpg?fit=712%2C1024&amp;ssl=1\" data-id=\"4813\" src=\"https:\/\/i0.wp.com\/karinelangevin.com\/wp-content\/uploads\/2024\/01\/sumup2-1.jpg?resize=712%2C1024&#038;ssl=1\" alt=\"\" class=\"wp-image-4813\" srcset=\"https:\/\/i0.wp.com\/karinelangevin.com\/wp-content\/uploads\/2024\/01\/sumup2-1.jpg?resize=712%2C1024&amp;ssl=1 712w, https:\/\/i0.wp.com\/karinelangevin.com\/wp-content\/uploads\/2024\/01\/sumup2-1.jpg?resize=209%2C300&amp;ssl=1 209w, https:\/\/i0.wp.com\/karinelangevin.com\/wp-content\/uploads\/2024\/01\/sumup2-1.jpg?resize=768%2C1104&amp;ssl=1 768w, https:\/\/i0.wp.com\/karinelangevin.com\/wp-content\/uploads\/2024\/01\/sumup2-1.jpg?resize=1068%2C1536&amp;ssl=1 1068w, https:\/\/i0.wp.com\/karinelangevin.com\/wp-content\/uploads\/2024\/01\/sumup2-1.jpg?resize=600%2C863&amp;ssl=1 600w, https:\/\/i0.wp.com\/karinelangevin.com\/wp-content\/uploads\/2024\/01\/sumup2-1.jpg?w=1170&amp;ssl=1 1170w\" sizes=\"auto, (max-width: 712px) 100vw, 712px\" \/><\/a><\/figure>\n<\/figure>\n\n\n\n<div class=\"wp-block-jetpack-tiled-gallery aligncenter is-style-rectangular\"><div class=\"\"><div class=\"tiled-gallery__gallery\"><div class=\"tiled-gallery__row\"><div class=\"tiled-gallery__col\" style=\"flex-basis:43.62549%\"><figure class=\"tiled-gallery__item\"><img decoding=\"async\" data-attachment-id=\"4287\" data-permalink=\"https:\/\/karinelangevin.com\/?attachment_id=4287\" data-orig-file=\"https:\/\/i0.wp.com\/karinelangevin.com\/wp-content\/uploads\/2023\/04\/IMG_0779-002.jpg?fit=1030%2C1009&amp;ssl=1\" data-orig-size=\"1030,1009\" data-comments-opened=\"1\" data-image-meta=\"{&quot;aperture&quot;:&quot;0&quot;,&quot;credit&quot;:&quot;&quot;,&quot;camera&quot;:&quot;&quot;,&quot;caption&quot;:&quot;&quot;,&quot;created_timestamp&quot;:&quot;0&quot;,&quot;copyright&quot;:&quot;&quot;,&quot;focal_length&quot;:&quot;0&quot;,&quot;iso&quot;:&quot;0&quot;,&quot;shutter_speed&quot;:&quot;0&quot;,&quot;title&quot;:&quot;&quot;,&quot;orientation&quot;:&quot;1&quot;}\" data-image-title=\"IMG_0779-002\" data-image-description=\"\" data-image-caption=\"\" data-large-file=\"https:\/\/i0.wp.com\/karinelangevin.com\/wp-content\/uploads\/2023\/04\/IMG_0779-002.jpg?fit=736%2C721&amp;ssl=1\" data-attachment-id=\"4287\" data-permalink=\"https:\/\/karinelangevin.com\/?attachment_id=4287\" data-orig-file=\"https:\/\/i0.wp.com\/karinelangevin.com\/wp-content\/uploads\/2023\/04\/IMG_0779-002.jpg?fit=1030%2C1009&amp;ssl=1\" data-orig-size=\"1030,1009\" data-comments-opened=\"1\" data-image-meta=\"{&quot;aperture&quot;:&quot;0&quot;,&quot;credit&quot;:&quot;&quot;,&quot;camera&quot;:&quot;&quot;,&quot;caption&quot;:&quot;&quot;,&quot;created_timestamp&quot;:&quot;0&quot;,&quot;copyright&quot;:&quot;&quot;,&quot;focal_length&quot;:&quot;0&quot;,&quot;iso&quot;:&quot;0&quot;,&quot;shutter_speed&quot;:&quot;0&quot;,&quot;title&quot;:&quot;&quot;,&quot;orientation&quot;:&quot;1&quot;}\" data-image-title=\"IMG_0779-002\" data-image-description=\"\" data-image-caption=\"\" data-large-file=\"https:\/\/i0.wp.com\/karinelangevin.com\/wp-content\/uploads\/2023\/04\/IMG_0779-002.jpg?fit=736%2C721&amp;ssl=1\" role=\"button\" tabindex=\"0\" aria-label=\"Ouvrir l\u2019image 1 sur 2 en plein \u00e9cran\"srcset=\"https:\/\/i0.wp.com\/karinelangevin.com\/wp-content\/uploads\/2023\/04\/IMG_0779-002-1024x1003.jpg?strip=info&#038;w=600&#038;ssl=1 600w,https:\/\/i0.wp.com\/karinelangevin.com\/wp-content\/uploads\/2023\/04\/IMG_0779-002-1024x1003.jpg?strip=info&#038;w=900&#038;ssl=1 900w,https:\/\/i0.wp.com\/karinelangevin.com\/wp-content\/uploads\/2023\/04\/IMG_0779-002-1024x1003.jpg?strip=info&#038;w=1030&#038;ssl=1 1030w\" alt=\"\" data-height=\"1009\" data-id=\"4287\" data-link=\"https:\/\/karinelangevin.com\/?attachment_id=4287\" data-url=\"https:\/\/karinelangevin.com\/wp-content\/uploads\/2023\/04\/IMG_0779-002-1024x1003.jpg\" data-width=\"1030\" src=\"https:\/\/i0.wp.com\/karinelangevin.com\/wp-content\/uploads\/2023\/04\/IMG_0779-002-1024x1003.jpg?ssl=1\" data-amp-layout=\"responsive\"\/><\/figure><\/div><div class=\"tiled-gallery__col\" style=\"flex-basis:56.37451%\"><figure class=\"tiled-gallery__item\"><img decoding=\"async\" data-attachment-id=\"4286\" data-permalink=\"https:\/\/karinelangevin.com\/?attachment_id=4286\" data-orig-file=\"https:\/\/i0.wp.com\/karinelangevin.com\/wp-content\/uploads\/2023\/04\/IMG_0778-002.jpg?fit=1031%2C781&amp;ssl=1\" data-orig-size=\"1031,781\" data-comments-opened=\"1\" data-image-meta=\"{&quot;aperture&quot;:&quot;0&quot;,&quot;credit&quot;:&quot;&quot;,&quot;camera&quot;:&quot;&quot;,&quot;caption&quot;:&quot;&quot;,&quot;created_timestamp&quot;:&quot;0&quot;,&quot;copyright&quot;:&quot;&quot;,&quot;focal_length&quot;:&quot;0&quot;,&quot;iso&quot;:&quot;0&quot;,&quot;shutter_speed&quot;:&quot;0&quot;,&quot;title&quot;:&quot;&quot;,&quot;orientation&quot;:&quot;1&quot;}\" data-image-title=\"IMG_0778-002\" data-image-description=\"\" data-image-caption=\"\" data-large-file=\"https:\/\/i0.wp.com\/karinelangevin.com\/wp-content\/uploads\/2023\/04\/IMG_0778-002.jpg?fit=736%2C558&amp;ssl=1\" data-attachment-id=\"4286\" data-permalink=\"https:\/\/karinelangevin.com\/?attachment_id=4286\" data-orig-file=\"https:\/\/i0.wp.com\/karinelangevin.com\/wp-content\/uploads\/2023\/04\/IMG_0778-002.jpg?fit=1031%2C781&amp;ssl=1\" data-orig-size=\"1031,781\" data-comments-opened=\"1\" data-image-meta=\"{&quot;aperture&quot;:&quot;0&quot;,&quot;credit&quot;:&quot;&quot;,&quot;camera&quot;:&quot;&quot;,&quot;caption&quot;:&quot;&quot;,&quot;created_timestamp&quot;:&quot;0&quot;,&quot;copyright&quot;:&quot;&quot;,&quot;focal_length&quot;:&quot;0&quot;,&quot;iso&quot;:&quot;0&quot;,&quot;shutter_speed&quot;:&quot;0&quot;,&quot;title&quot;:&quot;&quot;,&quot;orientation&quot;:&quot;1&quot;}\" data-image-title=\"IMG_0778-002\" data-image-description=\"\" data-image-caption=\"\" data-large-file=\"https:\/\/i0.wp.com\/karinelangevin.com\/wp-content\/uploads\/2023\/04\/IMG_0778-002.jpg?fit=736%2C558&amp;ssl=1\" role=\"button\" tabindex=\"0\" aria-label=\"Ouvrir l\u2019image 2 sur 2 en plein \u00e9cran\"srcset=\"https:\/\/i0.wp.com\/karinelangevin.com\/wp-content\/uploads\/2023\/04\/IMG_0778-002-1024x776.jpg?strip=info&#038;w=600&#038;ssl=1 600w,https:\/\/i0.wp.com\/karinelangevin.com\/wp-content\/uploads\/2023\/04\/IMG_0778-002-1024x776.jpg?strip=info&#038;w=900&#038;ssl=1 900w,https:\/\/i0.wp.com\/karinelangevin.com\/wp-content\/uploads\/2023\/04\/IMG_0778-002-1024x776.jpg?strip=info&#038;w=1031&#038;ssl=1 1031w\" alt=\"\" data-height=\"781\" data-id=\"4286\" data-link=\"https:\/\/karinelangevin.com\/?attachment_id=4286\" data-url=\"https:\/\/karinelangevin.com\/wp-content\/uploads\/2023\/04\/IMG_0778-002-1024x776.jpg\" data-width=\"1031\" src=\"https:\/\/i0.wp.com\/karinelangevin.com\/wp-content\/uploads\/2023\/04\/IMG_0778-002-1024x776.jpg?ssl=1\" data-amp-layout=\"responsive\"\/><\/figure><\/div><\/div><\/div><\/div><\/div>\n","protected":false},"excerpt":{"rendered":"<p>La Boutique en ligne en direct de l&rsquo;atelier o\u00f9 sont r\u00e9pertori\u00e9es uniquement les oeuvres disponibles \u00e0 la vente. Vous y trouverez les portraits ainsi que les oeuvres abstraites, tableaux et dessins sur papier. \u00ab\u00a0En Direct de l&rsquo;Atelier\u00a0\u00bb avec SUMUP Envoi \u00e0 l&rsquo;international par transporteur. Paiement par carte ou par PayPal. ou Remise en main propre&#8230; <a class=\"more-link\" href=\"https:\/\/karinelangevin.com\/?page_id=4408#more-4408\">Lire la Suite &rarr;<\/a><\/p>\n","protected":false},"author":1,"featured_media":0,"parent":0,"menu_order":0,"comment_status":"closed","ping_status":"closed","template":"","meta":{"jetpack_post_was_ever_published":false,"footnotes":""},"class_list":["post-4408","page","type-page","status-publish","hentry","clear"],"jetpack_sharing_enabled":true,"jetpack_shortlink":"https:\/\/wp.me\/P9Iro5-196","jetpack_likes_enabled":true,"jetpack-related-posts":[],"amp_enabled":true,"_links":{"self":[{"href":"https:\/\/karinelangevin.com\/index.php?rest_route=\/wp\/v2\/pages\/4408","targetHints":{"allow":["GET"]}}],"collection":[{"href":"https:\/\/karinelangevin.com\/index.php?rest_route=\/wp\/v2\/pages"}],"about":[{"href":"https:\/\/karinelangevin.com\/index.php?rest_route=\/wp\/v2\/types\/page"}],"author":[{"embeddable":true,"href":"https:\/\/karinelangevin.com\/index.php?rest_route=\/wp\/v2\/users\/1"}],"replies":[{"embeddable":true,"href":"https:\/\/karinelangevin.com\/index.php?rest_route=%2Fwp%2Fv2%2Fcomments&post=4408"}],"version-history":[{"count":22,"href":"https:\/\/karinelangevin.com\/index.php?rest_route=\/wp\/v2\/pages\/4408\/revisions"}],"predecessor-version":[{"id":7426,"href":"https:\/\/karinelangevin.com\/index.php?rest_route=\/wp\/v2\/pages\/4408\/revisions\/7426"}],"wp:attachment":[{"href":"https:\/\/karinelangevin.com\/index.php?rest_route=%2Fwp%2Fv2%2Fmedia&parent=4408"}],"curies":[{"name":"wp","href":"https:\/\/api.w.org\/{rel}","templated":true}]}}